{"id":10,"date":"2014-12-29T08:44:43","date_gmt":"2014-12-29T13:44:43","guid":{"rendered":"http:\/\/www.burrelab.com\/wordpress\/?page_id=10"},"modified":"2026-04-02T06:15:54","modified_gmt":"2026-04-02T11:15:54","slug":"publications","status":"publish","type":"page","link":"https:\/\/www.burrelab.com\/wordpress\/?page_id=10","title":{"rendered":"Publications"},"content":{"rendered":"<p><strong>2026<\/strong><\/p>\n<ul>\n<li>Li X, Chen Y, Wang H, Zhang X, Guiberson NGL, Li X, Burr\u00e9 J, Peng J, Zhang H, Yue Z. <em>Disruption of the LRRK2 substrate RAB12 Facilitates Neurotransmission and Causes Hyperactivity in Mice. <\/em><strong>NPJ Parkinson&#8217;s Disease<\/strong><em>. In press.<\/em><\/li>\n<li>Chlebowicz J*, Ivanova V*, Burr\u00e9 J. <em>New insights into synaptic vesicle dysfunction in Parkinson&#8217;s disease<\/em>. <strong>Journal of Parkinson&#8217;s Disease<\/strong>. Online ahead of print. [*equal contribution, in alphabetical order] <span style=\"color: #0000ff;\"><a style=\"color: #0000ff;\" href=\"https:\/\/pubmed.ncbi.nlm.nih.gov\/41823255\/\">Pubmed<\/a><\/span><\/li>\n<\/ul>\n<p><strong>2025<\/strong><\/p>\n<ul>\n<li>Stone A,\u00a0Burr\u00e9 J, Wayland N, Grinspan ZM. <em>Phenylbutyrate for monogenetic epilepsy: Literature review.<\/em> <strong>Epilepsy Research<\/strong>, 217: 107621. <span style=\"color: #0000ff;\"><a style=\"color: #0000ff;\" href=\"https:\/\/pubmed.ncbi.nlm.nih.gov\/40633241\/\">Pubmed<\/a><\/span><\/li>\n<li>Gao V*, Chlebowicz J*, Gaskin K*, Briano JA, Komer LE, Pineda A, Jhalani S, Ahmad S, Uwaifo E, Black LS, Haller JE, Przedborski S, Lane DA, Zhang S, Sharma M, Burr\u00e9 J. <em>Synaptic vesicle-omics in mice captures signatures of aging and synucleinopathy<\/em>. <strong>Nature Communications<\/strong>, 16(1): 4079. [* equal contribution] <span style=\"color: #0000ff;\"><a style=\"color: #0000ff;\" href=\"https:\/\/pubmed.ncbi.nlm.nih.gov\/40312501\/\">Pubmed<\/a><\/span><\/li>\n<li><span class=\"docsum-authors full-authors\">Li D, Liu K, Li D, Brunger AT, Liu C, Burr\u00e9 J, Diao JJ. <em>\u03b1-Synuclein condensation in synaptic vesicle function and synucleinopathies. <\/em><strong>Trends in Cell Biology<\/strong>, S0962-8924(25)00087-X. <span style=\"color: #0000ff;\"><a style=\"color: #0000ff;\" href=\"https:\/\/pubmed.ncbi.nlm.nih.gov\/40307115\/\">Pubmed<\/a><\/span><\/span><\/li>\n<\/ul>\n<p><strong>2024<\/strong><\/p>\n<ul>\n<li><span class=\"docsum-authors full-authors\">Wang C, Zhao C, Hu X, Qiang J, Liu Z, Gu J, Zhang S, Li D, Zhang Y, Burr\u00e9 J, Diao J, Liu C. <em>N-acetylation of a-synuclein enhances synaptic vesicle clustering mediated by a-synuclein and lysophosphatidylcholine<\/em>. <\/span><strong>Elife<\/strong>, <span class=\"cit\">13:RP97228.<\/span> <span style=\"color: #0000ff;\"><a style=\"color: #0000ff;\" href=\"https:\/\/pubmed.ncbi.nlm.nih.gov\/39729359\/\">Pubmed<\/a><\/span><\/li>\n<li>Grinspan ZM, Burr\u00e9 J, Cross J, Ross ME, Stone A, Basma N, Gao K, Kang J-Q, Lim J, Dubow E, Abila M, Miele A, Demarest S. <em>4-Phenylbutyrate for STXBP1 and SLC6A1. Safety, tolerability, seizure, and EEG outcomes. A case series at 2 centers<\/em>. <span style=\"color: #0000ff;\"><a style=\"color: #0000ff;\" href=\"https:\/\/www.medrxiv.org\/content\/10.1101\/2024.11.06.24316676v2\">medRxiv<\/a><\/span>.<\/li>\n<li>Iannone AF, Akg\u00fcl G, Zhang R, Wacks S, Hussein N, Macias CG, Donatelle A, Bauriedel JMJ, Wright C, Abramov D, Johnson MA, Govek EE, Burr\u00e9 J, Milner TA, De Marco Garc\u00eda NV. <em>The chemokine Cxcl14 regulates interneuron differentiation in layer I of the somatosensory cortex<\/em>. <strong>Cell Reports<\/strong>, 43: 114531. <a href=\"https:\/\/pubmed.ncbi.nlm.nih.gov\/39058591\/\"><span style=\"color: #0000ff;\">Pubmed<\/span><\/a><\/li>\n<li>Burr\u00e9 J, Edwards RH, Halliday G, Lang AE, Lashuel HA, Melki R, Murayama S, Outeiro TF, Papa SM, Stefanis L, Woerman AL, Surmeier JD, Kalia LV, Takahashi R, and the MDS Scientific Issues Committee. <em>Research Priorities on the Role of \u03b1-Synuclein in Parkinson&#8217;s Disease Pathogenesis<\/em>. <strong>Movement Disorders<\/strong>, 39(10):1663-1678. <span style=\"color: #0000ff;\"><a style=\"color: #0000ff;\" href=\"https:\/\/pubmed.ncbi.nlm.nih.gov\/38946200\/\">Pubmed<\/a><\/span><\/li>\n<li>Wang C, Zhang K, Cai B, Haller JE, Carnazza KE, Hu J, Zhao C, Tian Z, Hu X, Hall D, Qiang J, Hou, S, Liu Z, Gu J, Zhang Y, Seroogy KB, Burr\u00e9 J, Fang Y, Liu C, Brunger AT, Li D, Diao J. <em>VAMP2 chaperones<\/em> <span class=\"docsum-authors full-authors\"><em>a-synuclein in synaptic vesicle co-condensates.<\/em> <strong>Nature Cell Biology<\/strong>, 26(8):1287-1295. <span style=\"color: #0000ff;\"><a style=\"color: #0000ff;\" href=\"https:\/\/pubmed.ncbi.nlm.nih.gov\/38951706\/\">Pubmed<\/a><\/span><\/span><\/li>\n<li><span class=\"docsum-authors full-authors\"><span class=\"docsum-authors full-authors\">Wang C, Zhao C, Hu X, Qiang J, Liu Z, Gu J, Zhang S, Li D, Zhang Y, Burr\u00e9 J, Diao J, Liu C. <em>N-acetylation of a-synuclein enhances synaptic vesicle clustering mediated by a-synuclein and lysophosphatidylcholine<\/em>. <strong>BioRxiv<\/strong>, posted March 2024. <span class=\"citation-doi\">doi: 10.1101\/2024.03.04.583437<\/span> (<span style=\"color: #0000ff;\"><a style=\"color: #0000ff;\" href=\"https:\/\/www.biorxiv.org\/content\/10.1101\/2024.03.04.583437v1\">Link<\/a><\/span>).<br \/>\n<\/span><\/span><\/li>\n<li>Gao V, Crawford CV, Burr\u00e9 J. <em>The gut-brain axis in Parkinson&#8217;s Disease<\/em>. <strong>Cold Spring Harbor Perspectives in Medicine<\/strong>, 15(1):a041618. <span style=\"color: #0000ff;\"><a style=\"color: #0000ff;\" href=\"https:\/\/pubmed.ncbi.nlm.nih.gov\/38772708\/\">Pubmed<\/a><\/span><\/li>\n<li>Guiberson NGL, Black LS*, Haller JE*, Brukner A, Abramov D, Ahmad S, Xie YX, Sharma M, Burr\u00e9 J. <em>Disease-linked mutations in Munc18-1 deplete synaptic Doc2<\/em>. <strong>Brain<\/strong>, <span class=\"docsum-journal-citation full-journal-citation\">147(6):2185-2202 (* equal contribution)<\/span>. <a href=\"https:\/\/pubmed.ncbi.nlm.nih.gov\/38242640\/\"><span style=\"color: #0000ff;\">Pubmed<\/span><\/a><\/li>\n<\/ul>\n<p><strong>2023<\/strong><\/p>\n<ul>\n<li>Lai Y, Zhao C, Tian Z, Wang C, Fan J, Hu X, Tu J, Li T, Leitz J, Pfuetzner RA, Liu Z, Zhang S, Su Z, Burr\u00e9 J, Li D, S\u00fcdhof TC, Zhu Z-J, Liu C, Brunger AT, Diao J. <em>Neutral lysophosphatidylcholine mediates a-synuclein-induced synaptic vesicle clustering<\/em>. <strong>PNAS<\/strong>, 120(44): e2310174120. <span style=\"color: #0000ff;\"><a style=\"color: #0000ff;\" href=\"https:\/\/pubmed.ncbi.nlm.nih.gov\/37883437\/\">Pubmed<\/a>\u00a0<\/span><\/li>\n<\/ul>\n<p><strong>2022<\/strong><\/p>\n<ul>\n<li>Sharma M and Burr\u00e9 J. <em>\u03b1-Synuclein in synaptic function and dysfunction<\/em>. <strong>Trends in Neurosciences<\/strong>, 46(2): 153. [invited review] <span style=\"color: #0000ff;\"><a style=\"color: #0000ff;\" href=\"https:\/\/pubmed.ncbi.nlm.nih.gov\/36567199\/\">Pubmed<\/a><\/span><\/li>\n<li>Xie YX, Naseri NN, Fels J, Kharel P, Na Y, Lane D, Burr\u00e9 J, Sharma M. <em>Lysosomal Exocytosis Releases Pathogenic \u03b1-Synuclein Species from Neurons in Synucleinopathy Models<\/em>. <strong>Nature Communications<\/strong>, 13(1): <span class=\"cit\">4918<\/span>. <span style=\"color: #0000ff;\"><a style=\"color: #0000ff;\" href=\"https:\/\/pubmed.ncbi.nlm.nih.gov\/35995799\/\">Pubmed<\/a><\/span><\/li>\n<li>Burr\u00e9 J and Sharma M. <em>Cellular and small animal models of neurodegenerative diseases<\/em>. Editorial, <strong>Journal of Visualized Experiments<\/strong>, <span class=\"cit\">Aug 17:(186).<\/span> <a href=\"https:\/\/pubmed.ncbi.nlm.nih.gov\/37590524\/\"><span style=\"color: #0000ff;\">Pubmed<\/span><\/a><\/li>\n<li>Gao V, Briano JA, Komer LE, Burr\u00e9 J. <em>Functional and pathological effects of alpha-synuclein on synaptic SNARE complexes<\/em>. <strong>Journal of Molecular Biology<\/strong>, online ahead of protein &amp; part of special issue &#8220;Protein membrane interactions at the synapse&#8221;. [invited review] <span style=\"color: #0000ff;\"><a style=\"color: #0000ff;\" href=\"https:\/\/pubmed.ncbi.nlm.nih.gov\/35787839\/\">Pubmed<\/a><\/span><\/li>\n<li>Carnazza KE*, Komer L*, Xie YX, Pineda A, Briano JA, Gao V, Na Y, Ramlall T, Buchman VL, Eliezer D, Sharma M, Burr\u00e9 J. <em>Synaptic vesicle binding of alpha-synuclein is modulated by beta- and gamma-synucleins<\/em>. <strong>Cell Reports<\/strong>, 39(2): <span class=\"cit\">110675<\/span>. [*equal contribution] <a href=\"https:\/\/pubmed.ncbi.nlm.nih.gov\/35417693\/\"><span style=\"color: #0000ff;\">Pubmed<\/span><\/a><\/li>\n<\/ul>\n<p><strong>2021<\/strong><\/p>\n<ul>\n<li>Xie YX, Naseri NN, Fels J, Kharel P, Na Y, Burr\u00e9 J, Sharma M. <em>Lysosomal exocytosis releases pathogenic alpha-synuclein species from neurons.<\/em> <strong>BioRxiv<\/strong>, posted April 2021. doi: https:\/\/doi.org\/10.1101\/2021.04.10.439302 (<a href=\"https:\/\/www.biorxiv.org\/content\/10.1101\/2021.04.10.439302v1.article-metrics\"><span style=\"color: #0000ff;\">Link<\/span><\/a>)<\/li>\n<li>Abramov D, Guiberson NGL, Daab A, Na Y, Petsko GA, Sharma M, Burr\u00e9 J. <em>Targeted stabilization of Munc18-1 function via pharmacological chaperones<\/em>. <strong>EMBO Molecular Medicine<\/strong>, 13(1): e12354 (2021). <span style=\"color: #0000ff;\"><a style=\"color: #0000ff;\" href=\"https:\/\/pubmed.ncbi.nlm.nih.gov\/33332765\/\">Pubmed<\/a><\/span><\/li>\n<li>Abramov D*, Guiberson NGL*, Burr\u00e9 J. <em>STXBP1 encephalopathies: Clinical Spectrum, Disease Mechanisms and Therapeutic Strategies<\/em>. <strong>The Journal of Neurochemistry<\/strong>, 1572(2): 165-178 (2021). [* equal contribution] <span style=\"color: #0000ff;\"><a style=\"color: #0000ff;\" href=\"https:\/\/pubmed.ncbi.nlm.nih.gov\/32643187\/\">Pubmed<\/a><\/span><\/li>\n<\/ul>\n<p><strong>2020<\/strong><\/p>\n<ul>\n<li>Carnazza KE, Komer L, Pineda A, Na Y, Ramlall T, Buchman VL, Eliezer D, Sharma M, Burr\u00e9 J. <em>Beta- and gamma-synucleins modulate synaptic vesicle-binding of alpha-synuclein<\/em>. <strong>BioRxiv<\/strong>, posted November 2020. doi: https:\/\/doi.org\/10.1101\/2020.11.19.390419 (<a href=\"https:\/\/www.biorxiv.org\/content\/10.1101\/2020.11.19.390419v1\"><span style=\"color: #0000ff;\">Link<\/span><\/a>)<\/li>\n<li>Naseri NN, Ergel B, Kharel P, Na Y, Huang Q, Huang R, Dolzhanskaya N, Burr\u00e9 J, Velinov MT, Sharma M. <em>Aggregation\u00a0 of Mutant Cysteine String Protein-a via Fe-S Cluster-Binding is mitigated by Fe-chelators<\/em>. <strong>Nature Structural &amp; Molecular Biology<\/strong>, 27: 192 (2020). <a href=\"https:\/\/www.ncbi.nlm.nih.gov\/pubmed\/32042150\"><span style=\"color: #0000ff;\">Pubmed<\/span><\/a><\/li>\n<\/ul>\n<p><strong>2018<\/strong><\/p>\n<ul>\n<li>Guiberson NGL*, Pineda A*, Abramov D, Kharel P, Carnazza KE, Wragg R, Dittman JS, Burr\u00e9 J. <em>Mechanism-based rescue of Munc18-1 dysfunction in varied encephalopathies by\u00a0chemical chaperones<\/em>.\u00a0<strong>Nature Communications<\/strong>, 9: 3986 (2018). [* equal contribution] <span style=\"color: #0000ff;\"><a style=\"color: #0000ff;\" href=\"https:\/\/www.ncbi.nlm.nih.gov\/pubmed\/30266908\">Pubmed<\/a>\u00a0\u00a0 <\/span><\/li>\n<li><strong>Burr\u00e9 J<\/strong>, Sharma M, S\u00fcdhof TC. <em>Cell Biology and Pathophysiology of \u03b1-Synuclein<\/em>. <strong>Cold Spring Harbor Perspectives in Medicine<\/strong>, 8\u00a0(2018). <a href=\"https:\/\/www.ncbi.nlm.nih.gov\/pubmed\/28108534\"><span style=\"color: #0000ff;\">Pubmed<\/span><\/a><\/li>\n<\/ul>\n<p><strong>2017<\/strong><\/p>\n<ul>\n<li>Pineda A, Burr\u00e9 J. <em>Modulating membrane binding of \u03b1-synuclein as a therapeutic strategy<\/em>. <strong>PNAS<\/strong>, 114: 1223-1225 (2017). <span style=\"color: #0000ff;\"><a style=\"color: #0000ff;\" href=\"https:\/\/www.ncbi.nlm.nih.gov\/pubmed\/28126719\">Pubmed<\/a><\/span><span style=\"color: #0000ff;\"><br \/>\n<\/span><\/li>\n<\/ul>\n<p><strong>2015<\/strong><\/p>\n<ul>\n<li>Burr\u00e9 J. <em>The Synaptic Function of \u03b1-Synuclein<\/em>. <strong>Journal of Parkinson\u2019s Disease<\/strong>, 5: 699-713 (2015). <span style=\"color: #0000ff;\"><a style=\"color: #0000ff;\" href=\"http:\/\/www.ncbi.nlm.nih.gov\/pubmed\/26407041\" target=\"_blank\" rel=\"noopener noreferrer\">Pubmed<\/a><\/span><\/li>\n<li>Bacaj T, Wu D, Burr\u00e9 J, Malenka RC, Liu X, S\u00fcdhof TC. <em>Synaptotagmin-1 and -7 Are Redundantly Essential for Maintaining the Capacity of the Readily-Releasable Pool of Synaptic Vesicles<\/em>. <strong>PLOS Biology<\/strong>, 13: e1002267 (2015). <span style=\"color: #0000ff;\"><a style=\"color: #0000ff;\" href=\"http:\/\/www.ncbi.nlm.nih.gov\/pubmed\/26437117\" target=\"_blank\" rel=\"noopener noreferrer\">Pubmed<\/a><\/span><\/li>\n<li>Burr\u00e9 J, Sharma M, S\u00fcdhof TC. <em>Definition of a molecular pathway mediating \u03b1-synuclein neurotoxicity<\/em>. <strong>The Journal of Neuroscience<\/strong>, 35: 5221-5232 (2015). <span style=\"color: #0000ff;\"><a style=\"color: #0000ff;\" href=\"http:\/\/www.ncbi.nlm.nih.gov\/pubmed\/25834048\" target=\"_blank\" rel=\"noopener noreferrer\">Pubmed<\/a><\/span><\/li>\n<\/ul>\n<p><strong>2014<\/strong><\/p>\n<ul>\n<li>Burr\u00e9 J, Sharma M, S\u00fcdhof TC. <em>\u03b1-Synuclein assembles into higher-order multimers upon membrane binding to promote SNARE complex formation<\/em>. <strong>PNAS<\/strong>, 111: E4274-4283 (2014). <span style=\"color: #0000ff;\"><a style=\"color: #0000ff;\" href=\"http:\/\/www.ncbi.nlm.nih.gov\/pubmed\/25246573\" target=\"_blank\" rel=\"noopener noreferrer\">Pubmed<\/a><\/span><\/li>\n<li>Acuna C, Guo Q, Burr\u00e9 J, Sharma M, Sun J, S\u00fcdhof TC. <em>Microsecond dissection of neurotransmitter release: SNARE-complex assembly dictates speed and Ca2+ sensitivity<\/em>. <strong>Neuron<\/strong>, 82: 1088-1100 (2014).<span style=\"color: #0000ff;\"> <a style=\"color: #0000ff;\" href=\"http:\/\/www.ncbi.nlm.nih.gov\/pubmed\/24908488\" target=\"_blank\" rel=\"noopener noreferrer\">Pubmed<\/a><\/span><\/li>\n<\/ul>\n<p><strong>2013<\/strong><\/p>\n<ul>\n<li>Burr\u00e9 J*, Vivona S*, Diao JJ, Sharma M, Brunger AT, S\u00fcdhof TC. <em>Properties of native brain \u03b1-synuclein<\/em>.\u00a0 <strong>Nature<\/strong>, 498: E4 (2013). [*equal contribution] <span style=\"color: #0000ff;\"><a style=\"color: #0000ff;\" href=\"http:\/\/www.ncbi.nlm.nih.gov\/pubmed\/23765500\" target=\"_blank\" rel=\"noopener noreferrer\">Pubmed<\/a><\/span><\/li>\n<li>Diao JJ*, Burr\u00e9 J*, Vivona S, Sharma M, S\u00fcdhof TC, Brunger AT. <em>Native \u03b1-synuclein induces clustering of synaptic vesicle-mimics via binding to phospholipids and synaptobrevin-2\/VAMP2<\/em>. <strong>eLIFE<\/strong>, 2: e00592 (2013). \u00a0[*equal contribution]<span style=\"color: #0000ff;\"> <a style=\"color: #0000ff;\" href=\"http:\/\/www.ncbi.nlm.nih.gov\/pubmed\/23638301\" target=\"_blank\" rel=\"noopener noreferrer\">Pubmed<\/a><\/span><\/li>\n<\/ul>\n<p><strong>2012<\/strong><\/p>\n<ul>\n<li>Burr\u00e9 J, Sharma M, S\u00fcdhof TC. <em>Systematic mutagenesis of \u03b1-synuclein reveals distinct sequence requirements for physiological and pathological activities<\/em>. <strong>The Journal of Neuroscience<\/strong>, 32: 15227-15242 (2012). <span style=\"color: #0000ff;\"><a style=\"color: #0000ff;\" href=\"http:\/\/www.ncbi.nlm.nih.gov\/pubmed\/23100443\" target=\"_blank\" rel=\"noopener noreferrer\">Pubmed<\/a><\/span><\/li>\n<li>Sharma M, Burr\u00e9 J, S\u00fcdhof TC. P<em>roteasome Inhibition Alleviates SNARE-Dependent Neurodegeneration<\/em>. <strong>Science Translational Medicine<\/strong>, 4:147ra113 (2012). <span style=\"color: #0000ff;\"><a style=\"color: #0000ff;\" href=\"http:\/\/www.ncbi.nlm.nih.gov\/pubmed\/22896677\" target=\"_blank\" rel=\"noopener noreferrer\">Pubmed<\/a><\/span><\/li>\n<li>Sharma M, Burr\u00e9 J, Bronk P, Zhang Y, Xu W, S\u00fcdhof TC. <em>CSP\u03b1 knockout causes neurodegeneration by impairing SNAP-25 function<\/em>. <strong>The EMBO Journal<\/strong>, 31: 829-841 (2012). <span style=\"color: #0000ff;\"><a style=\"color: #0000ff;\" href=\"http:\/\/www.ncbi.nlm.nih.gov\/pubmed\/22187053\" target=\"_blank\" rel=\"noopener noreferrer\">Pubmed<\/a><\/span><\/li>\n<\/ul>\n<p><strong>2011<\/strong><\/p>\n<ul>\n<li>Sharma M, Burr\u00e9 J, S\u00fcdhof TC. <em>CSP\u03b1 promotes SNARE-complex assembly by chaperoning SNAP-25 during synaptic activity<\/em>. <strong>Nature Cell Biology<\/strong>, 13: 30-39 (2011). <span style=\"color: #0000ff;\"><a style=\"color: #0000ff;\" href=\"http:\/\/www.ncbi.nlm.nih.gov\/pubmed\/21151134\" target=\"_blank\" rel=\"noopener noreferrer\">Pubmed<\/a><\/span><\/li>\n<\/ul>\n<p><strong>2010<\/strong><\/p>\n<ul>\n<li>Burr\u00e9 J*, Sharma M*, Tsetsenis T, Buchman V, Etherton MR, S\u00fcdhof TC. <em>\u03b1-Synuclein promotes SNARE-complex assembly in vivo and in vitro<\/em>. <strong>Science<\/strong> 329: 1663-1667 (2010). [*equal contribution] <span style=\"color: #0000ff;\"><a style=\"color: #0000ff;\" href=\"http:\/\/www.ncbi.nlm.nih.gov\/pubmed\/20798282\" target=\"_blank\" rel=\"noopener noreferrer\">Pubmed<\/a><\/span><\/li>\n<\/ul>\n<p><strong>2009<\/strong><\/p>\n<ul>\n<li>Burr\u00e9 J, Wittig I, Sch\u00e4gger H. <em>Non-classical 2-D electrophoresis<\/em>. <strong>Methods in Molecular Biology<\/strong>, 564: 33-57 (2009). <span style=\"color: #0000ff;\"><a style=\"color: #0000ff;\" href=\"http:\/\/www.ncbi.nlm.nih.gov\/pubmed\/19544016\" target=\"_blank\" rel=\"noopener noreferrer\">Pubmed<\/a><\/span><\/li>\n<\/ul>\n<p><strong>2007<\/strong><\/p>\n<div class=\"supp\">\n<ul>\n<li class=\"details\">Burr\u00e9 J, Zimmermann H, Volknandt W. <em>Identification and characterization of SV31, a novel synaptic vesicle membrane protein and potential transporter<\/em>.<strong> Journal of Neurochemistry<\/strong>, 103: 276-287 (2007). <span style=\"color: #0000ff;\"><a style=\"color: #0000ff;\" href=\"http:\/\/www.ncbi.nlm.nih.gov\/pubmed\/17623043\" target=\"_blank\" rel=\"noopener noreferrer\">Pubmed<\/a><\/span><\/li>\n<li class=\"details\">Burr\u00e9 J, Volknandt W. <em>The synaptic vesicle proteome<\/em>. <strong><span class=\"jrnl\" title=\"Journal of neurochemistry\">Journal of Neurochemistry<\/span><\/strong>, 101: 1448-62 (2007). <span style=\"color: #0000ff;\"><a style=\"color: #0000ff;\" href=\"http:\/\/www.ncbi.nlm.nih.gov\/pubmed\/17355250\" target=\"_blank\" rel=\"noopener noreferrer\">Pubmed<\/a><\/span><\/li>\n<li class=\"details\">Burr\u00e9 J, Zimmermann H, Volknandt W. <em>Immunoisolation and subfractionation of synaptic vesicle proteins<\/em>. <strong><span class=\"jrnl\" title=\"Analytical biochemistry\">Analytical Biochemistry<\/span><\/strong>, 362: 172-81 (2007). <span style=\"color: #0000ff;\"><a style=\"color: #0000ff;\" href=\"http:\/\/www.ncbi.nlm.nih.gov\/pubmed\/17266918\" target=\"_blank\" rel=\"noopener noreferrer\">Pubmed<\/a><\/span><\/li>\n<\/ul>\n<div class=\"supp\">\n<p><strong>2006<\/strong><\/p>\n<\/div>\n<\/div>\n<ul>\n<li>Burr\u00e9 J, Beckhaus T, Sch\u00e4gger H, Corvey C, Hofmann S, Karas M, Zimmermann H, Volknandt W. <em>Analysis of the synaptic vesicle proteome using three gel-based protein separation techniques<\/em>. <strong>Proteomics<\/strong>, 6: 6250-6262 (2006). <span style=\"color: #0000ff;\"><a style=\"color: #0000ff;\" href=\"http:\/\/www.ncbi.nlm.nih.gov\/pubmed\/17080482\" target=\"_blank\" rel=\"noopener noreferrer\">Pubmed<\/a><\/span><\/li>\n<li>Burr\u00e9 J, Beckhaus T, Corvey C, Karas M, Zimmermann H, Volknandt W. <em>Synaptic vesicle proteins under conditions of rest and activation: analysis by 2-D difference gel electrophoresis<\/em>.<strong> Electrophoresis<\/strong>, 27: 3488-3496 (2006). <span style=\"color: #0000ff;\"><a style=\"color: #0000ff;\" href=\"http:\/\/www.ncbi.nlm.nih.gov\/pubmed\/16944461\" target=\"_blank\" rel=\"noopener noreferrer\">Pubmed<\/a><\/span><\/li>\n<\/ul>\n<p><strong>2005<\/strong><\/p>\n<ul>\n<li>Morciano M*, Burr\u00e9 J*, Corvey C, Karas M, Zimmermann H, Volknandt W. <em>Immunoisolation of two synaptic vesicle pools from synaptosomes: a proteomics analysis<\/em>. <strong>Journal of Neurochemistry<\/strong> 95: 1732-1745 (2005). [*equal contribution] <span style=\"color: #0000ff;\"><a style=\"color: #0000ff;\" href=\"http:\/\/www.ncbi.nlm.nih.gov\/pubmed\/16269012\" target=\"_blank\" rel=\"noopener noreferrer\">Pubmed<\/a><\/span><\/li>\n<\/ul>\n","protected":false},"excerpt":{"rendered":"<p>2026 Li X, Chen Y, Wang H, Zhang X, Guiberson NGL, Li X, Burr\u00e9 J, Peng J, Zhang H, Yue Z. Disruption of the LRRK2 substrate RAB12 Facilitates Neurotransmission and Causes Hyperactivity in Mice. NPJ Parkinson&#8217;s Disease. In press. Chlebowicz&hellip; <\/p>\n","protected":false},"author":2,"featured_media":0,"parent":0,"menu_order":30,"comment_status":"closed","ping_status":"closed","template":"","meta":{"footnotes":""},"class_list":["post-10","page","type-page","status-publish","hentry"],"_links":{"self":[{"href":"https:\/\/www.burrelab.com\/wordpress\/index.php?rest_route=\/wp\/v2\/pages\/10"}],"collection":[{"href":"https:\/\/www.burrelab.com\/wordpress\/index.php?rest_route=\/wp\/v2\/pages"}],"about":[{"href":"https:\/\/www.burrelab.com\/wordpress\/index.php?rest_route=\/wp\/v2\/types\/page"}],"author":[{"embeddable":true,"href":"https:\/\/www.burrelab.com\/wordpress\/index.php?rest_route=\/wp\/v2\/users\/2"}],"replies":[{"embeddable":true,"href":"https:\/\/www.burrelab.com\/wordpress\/index.php?rest_route=%2Fwp%2Fv2%2Fcomments&post=10"}],"version-history":[{"count":71,"href":"https:\/\/www.burrelab.com\/wordpress\/index.php?rest_route=\/wp\/v2\/pages\/10\/revisions"}],"predecessor-version":[{"id":1129,"href":"https:\/\/www.burrelab.com\/wordpress\/index.php?rest_route=\/wp\/v2\/pages\/10\/revisions\/1129"}],"wp:attachment":[{"href":"https:\/\/www.burrelab.com\/wordpress\/index.php?rest_route=%2Fwp%2Fv2%2Fmedia&parent=10"}],"curies":[{"name":"wp","href":"https:\/\/api.w.org\/{rel}","templated":true}]}}